{"id":62536,"date":"2025-10-21T12:18:45","date_gmt":"2025-10-21T10:18:45","guid":{"rendered":"https:\/\/solutions.berg-schmidt.com\/?page_id=62536"},"modified":"2025-10-21T12:18:45","modified_gmt":"2025-10-21T10:18:45","slug":"wer-wir-sind","status":"publish","type":"page","link":"https:\/\/solutions.berg-schmidt.com\/de\/performancechemicals\/ueber-uns\/wer-wir-sind\/","title":{"rendered":"Wer wir sind"},"content":{"rendered":"\n<div style=\"height:var(--wp--preset--spacing--50)\" aria-hidden=\"true\" class=\"wp-block-spacer\"><\/div>\n\n\n\n<div class=\"wp-block-group alignwide has-global-padding\"><div class=\"wp-block-group__inner-container is-layout-constrained wp-block-group-is-layout-constrained\">\n<h1 class=\"wp-block-heading alignwide has-xx-large-font-size\" style=\"line-height:1.2\">Ich bin <em>Leia Acosta<\/em>, eine leidenschaftliche Fotografin, die sich davon inspirieren l\u00e4sst, die fl\u00fcchtige Sch\u00f6nheit des Lebens festzuhalten.<\/h1>\n<\/div><\/div>\n\n\n\n<div class=\"wp-block-group alignfull has-global-padding\" style=\"margin-top:0;margin-bottom:0;padding-top:var(--wp--preset--spacing--50);padding-right:var(--wp--preset--spacing--50);padding-bottom:var(--wp--preset--spacing--50);padding-left:var(--wp--preset--spacing--50)\"><div class=\"wp-block-group__inner-container is-layout-constrained wp-container-core-group-is-layout-b25ccd55 wp-block-group-is-layout-constrained\">\n<div class=\"wp-block-columns alignwide is-layout-flex wp-container-core-columns-is-layout-ff4b9c61 wp-block-columns-is-layout-flex\" style=\"margin-top:0;margin-bottom:0\">\n<div class=\"wp-block-column is-layout-flow wp-container-core-column-is-layout-8a368f38 wp-block-column-is-layout-flow\">\n\n\n<div style=\"height:var(--wp--preset--spacing--50)\" aria-hidden=\"true\" class=\"wp-block-spacer\"><\/div>\n\n\n\n\n\n<div style=\"height:var(--wp--preset--spacing--50)\" aria-hidden=\"true\" class=\"wp-block-spacer\"><\/div>\n\n\n<\/div>\n\n\n\n<div class=\"wp-block-column is-layout-flow wp-container-core-column-is-layout-8a368f38 wp-block-column-is-layout-flow\">\n<div style=\"height:var(--wp--preset--spacing--50)\" aria-hidden=\"true\" class=\"wp-block-spacer\"><\/div>\n\n\n\n\n\n<div style=\"height:var(--wp--preset--spacing--50)\" aria-hidden=\"true\" class=\"wp-block-spacer\"><\/div>\n\n\n\n\n\n<div style=\"height:var(--wp--preset--spacing--50)\" aria-hidden=\"true\" class=\"wp-block-spacer\"><\/div>\n\n\n<\/div>\n\n\n\n<div class=\"wp-block-column is-layout-flow wp-container-core-column-is-layout-8a368f38 wp-block-column-is-layout-flow\">\n\n\n<div style=\"height:var(--wp--preset--spacing--50)\" aria-hidden=\"true\" class=\"wp-block-spacer\"><\/div>\n\n\n\n\n\n<div style=\"height:var(--wp--preset--spacing--50)\" aria-hidden=\"true\" class=\"wp-block-spacer\"><\/div>\n\n\n<\/div>\n\n\n\n<div class=\"wp-block-column is-layout-flow wp-container-core-column-is-layout-8a368f38 wp-block-column-is-layout-flow\">\n<div style=\"height:var(--wp--preset--spacing--50)\" aria-hidden=\"true\" class=\"wp-block-spacer\"><\/div>\n\n\n\n\n\n<div style=\"height:var(--wp--preset--spacing--50)\" aria-hidden=\"true\" class=\"wp-block-spacer\"><\/div>\n\n\n\n\n\n<div style=\"height:var(--wp--preset--spacing--50)\" aria-hidden=\"true\" class=\"wp-block-spacer\"><\/div>\n\n\n<\/div>\n<\/div>\n<\/div><\/div>\n","protected":false},"excerpt":{"rendered":"<p>Ich bin Leia Acosta, eine leidenschaftliche Fotografin, die sich davon inspirieren l\u00e4sst, die fl\u00fcchtige Sch\u00f6nheit des Lebens festzuhalten.<\/p>\n","protected":false},"author":1,"featured_media":0,"parent":711,"menu_order":0,"comment_status":"closed","ping_status":"closed","template":"","meta":{"_acf_changed":false,"footnotes":""},"company":[253],"class_list":["post-62536","page","type-page","status-publish","hentry","company-performancechemicals"],"acf":[],"aioseo_notices":[],"_links":{"self":[{"href":"https:\/\/solutions.berg-schmidt.com\/de\/wp-json\/wp\/v2\/pages\/62536","targetHints":{"allow":["GET"]}}],"collection":[{"href":"https:\/\/solutions.berg-schmidt.com\/de\/wp-json\/wp\/v2\/pages"}],"about":[{"href":"https:\/\/solutions.berg-schmidt.com\/de\/wp-json\/wp\/v2\/types\/page"}],"author":[{"embeddable":true,"href":"https:\/\/solutions.berg-schmidt.com\/de\/wp-json\/wp\/v2\/users\/1"}],"replies":[{"embeddable":true,"href":"https:\/\/solutions.berg-schmidt.com\/de\/wp-json\/wp\/v2\/comments?post=62536"}],"version-history":[{"count":4,"href":"https:\/\/solutions.berg-schmidt.com\/de\/wp-json\/wp\/v2\/pages\/62536\/revisions"}],"predecessor-version":[{"id":116405,"href":"https:\/\/solutions.berg-schmidt.com\/de\/wp-json\/wp\/v2\/pages\/62536\/revisions\/116405"}],"up":[{"embeddable":true,"href":"https:\/\/solutions.berg-schmidt.com\/de\/wp-json\/wp\/v2\/pages\/711"}],"wp:attachment":[{"href":"https:\/\/solutions.berg-schmidt.com\/de\/wp-json\/wp\/v2\/media?parent=62536"}],"wp:term":[{"taxonomy":"company","embeddable":true,"href":"https:\/\/solutions.berg-schmidt.com\/de\/wp-json\/wp\/v2\/company?post=62536"}],"curies":[{"name":"wp","href":"https:\/\/api.w.org\/{rel}","templated":true}]}}